{"id":1295,"date":"2025-07-21T10:28:34","date_gmt":"2025-07-21T14:28:34","guid":{"rendered":"https:\/\/mahmoud-first-project.cyberwrath.tech\/?post_type=product&#038;p=1295"},"modified":"2025-08-29T13:46:00","modified_gmt":"2025-08-29T17:46:00","slug":"location-tente-marquise-copy","status":"publish","type":"product","link":"https:\/\/mahmoud-first-project.cyberwrath.tech\/fr\/product\/location-tente-marquise-copy\/","title":{"rendered":"Chapiteau Marquise \u00e0 Vendre"},"content":{"rendered":"<p>Achetez un chapiteau marquise professionnel de qualit\u00e9 commerciale chez Abris Crystal. Construit avec une toile vinyle robuste de 16 oz et une structure en aluminium anodis\u00e9, ce chapiteau est un investissement durable pour les entreprises de location, les salles de r\u00e9ception et les organisateurs d\u2019\u00e9v\u00e9nements \u00e0 Montr\u00e9al et \u00e0 Laval. Comprend la structure, la toile, les sacs de rangement, les cordes et les piquets. Livraison partout au Qu\u00e9bec.<\/p>\n","protected":false},"excerpt":{"rendered":"<p>Vente de chapiteaux de qualit\u00e9 commerciale. L&rsquo;investissement \u00e0 long terme id\u00e9al pour votre entreprise. Construites pour durer avec des mat\u00e9riaux de premi\u00e8re qualit\u00e9. S\u00e9lectionnez une taille et un style de toit ci-dessous.<\/p>\n","protected":false},"featured_media":1014,"comment_status":"open","ping_status":"closed","template":"","meta":{"_acf_changed":false},"product_brand":[],"product_cat":[280,406,407],"product_tag":[408,411,409,320,318,413,412,321,410],"class_list":{"0":"post-1295","1":"product","2":"type-product","3":"status-publish","4":"has-post-thumbnail","6":"product_cat-chapiteaux","7":"product_cat-a-vendre-fr","8":"product_cat-chapiteaux-marquise-fr","9":"product_tag-acheter-chapiteau-fr","10":"product_tag-acheter-un-chapiteau","11":"product_tag-chapiteau-marquee-fr","12":"product_tag-evenement-corporatif-fr","13":"product_tag-mariage-montreal-fr","14":"product_tag-tente-4-saisons-fr","15":"product_tag-tente-commerciale","16":"product_tag-tente-de-mariage","17":"product_tag-tente-mariage-fr","19":"first","20":"instock","21":"sale","22":"taxable","23":"shipping-taxable","24":"purchasable","25":"product-type-variable"},"acf":[],"_links":{"self":[{"href":"https:\/\/mahmoud-first-project.cyberwrath.tech\/fr\/wp-json\/wp\/v2\/product\/1295","targetHints":{"allow":["GET"]}}],"collection":[{"href":"https:\/\/mahmoud-first-project.cyberwrath.tech\/fr\/wp-json\/wp\/v2\/product"}],"about":[{"href":"https:\/\/mahmoud-first-project.cyberwrath.tech\/fr\/wp-json\/wp\/v2\/types\/product"}],"replies":[{"embeddable":true,"href":"https:\/\/mahmoud-first-project.cyberwrath.tech\/fr\/wp-json\/wp\/v2\/comments?post=1295"}],"wp:featuredmedia":[{"embeddable":true,"href":"https:\/\/mahmoud-first-project.cyberwrath.tech\/fr\/wp-json\/wp\/v2\/media\/1014"}],"wp:attachment":[{"href":"https:\/\/mahmoud-first-project.cyberwrath.tech\/fr\/wp-json\/wp\/v2\/media?parent=1295"}],"wp:term":[{"taxonomy":"product_brand","embeddable":true,"href":"https:\/\/mahmoud-first-project.cyberwrath.tech\/fr\/wp-json\/wp\/v2\/product_brand?post=1295"},{"taxonomy":"product_cat","embeddable":true,"href":"https:\/\/mahmoud-first-project.cyberwrath.tech\/fr\/wp-json\/wp\/v2\/product_cat?post=1295"},{"taxonomy":"product_tag","embeddable":true,"href":"https:\/\/mahmoud-first-project.cyberwrath.tech\/fr\/wp-json\/wp\/v2\/product_tag?post=1295"}],"curies":[{"name":"wp","href":"https:\/\/api.w.org\/{rel}","templated":true}]}}