{"id":2791,"date":"2025-10-03T10:41:10","date_gmt":"2025-10-03T14:41:10","guid":{"rendered":"https:\/\/mahmoud-first-project.cyberwrath.tech\/product\/ancre-pour-sangle-anti-vent-a-vendre-abris-crystal\/"},"modified":"2025-10-03T10:42:06","modified_gmt":"2025-10-03T14:42:06","slug":"ancre-pour-sangle-anti-vent-a-vendre-abris-crystal","status":"publish","type":"product","link":"https:\/\/mahmoud-first-project.cyberwrath.tech\/fr\/product\/ancre-pour-sangle-anti-vent-a-vendre-abris-crystal\/","title":{"rendered":"Ancrage pour Bande Anti-vent | \u00c0 Vendre | Abris Crystal"},"content":{"rendered":"<p><b>FIXEZ CORRECTEMENT VOS SANGLES ANTI-VENT<\/b><\/p>\n<p>Cet ancrage en spirale sp\u00e9cialis\u00e9 est un \u00e9l\u00e9ment essentiel pour installer correctement un syst\u00e8me de sangles anti-vent sur votre abri de voiture. Contrairement aux piquets standard, sa conception en tire-bouchon lui permet de s&rsquo;enfoncer profond\u00e9ment dans les sols meubles (tels que les pelouses, les plates-bandes ou les zones gravillonn\u00e9es), offrant ainsi une fixation puissante et fiable qui r\u00e9siste aux forces d&rsquo;arrachement. <\/p>\n<p>La partie sup\u00e9rieure de l&rsquo;ancrage comporte une boucle ferm\u00e9e con\u00e7ue pour le passage de la sangle anti-vent, cr\u00e9ant ainsi un point de connexion s\u00fbr. L&rsquo;utilisation de cet ancrage permet \u00e0 votre syst\u00e8me anti-vent d&rsquo;\u00eatre correctement tendu sur le toit de votre abri, ce qui lui conf\u00e8re une stabilit\u00e9 maximale en cas de vents violents. Ces ancrages sont destin\u00e9s \u00e0 \u00eatre install\u00e9s \u00e0 une courte distance de l&rsquo;abri lui-m\u00eame. Deux ancrages sont g\u00e9n\u00e9ralement n\u00e9cessaires pour une sangle anti-vent.   <\/p>\n","protected":false},"excerpt":{"rendered":"<p>L&rsquo;ancrage au sol essentiel pour nos syst\u00e8mes de sangles anti-vent. Cet ancrage en spirale robuste s&rsquo;enfonce profond\u00e9ment dans les surfaces molles comme les pelouses ou le gravier pour cr\u00e9er un point d&rsquo;ancrage s\u00fbr et \u00e0 haute tension pour vos sangles. Vendu \u00e0 l&rsquo;unit\u00e9.  <\/p>\n<p><b>\u2705 Conception sp\u00e9cialis\u00e9e :<\/b> Con\u00e7u sp\u00e9cifiquement pour \u00eatre utilis\u00e9 avec les kits de sangles anti-vent.<br \/>\n\u2705 <b>Forte adh\u00e9rence sur sol meuble :<\/b> Le design en spirale \u00ab\u00a0tire-bouchon\u00a0\u00bb offre une excellente tenue dans l&rsquo;herbe, la terre et le gravier.<br \/>\n\u2705 <b>Installation facile :<\/b> S&rsquo;enfonce dans le sol \u00e0 la main ou \u00e0 l&rsquo;aide d&rsquo;un levier - aucun outil sp\u00e9cial n&rsquo;est n\u00e9cessaire.<br \/>\n\u2705 <b style=\"color: inherit; font-family: inherit;\">Durable :<\/b><span style=\"color: inherit; font-family: inherit;\"> Fabriqu\u00e9 en acier robuste pour r\u00e9sister aux utilisations saisonni\u00e8res.<\/span><\/p>\n","protected":false},"featured_media":2797,"comment_status":"open","ping_status":"closed","template":"","meta":{"_acf_changed":false},"product_brand":[],"product_cat":[480],"product_tag":[],"class_list":{"0":"post-2791","1":"product","2":"type-product","3":"status-publish","4":"has-post-thumbnail","6":"product_cat-ancrage-et-fixations","8":"first","9":"instock","10":"sale","11":"taxable","12":"shipping-taxable","13":"purchasable","14":"product-type-simple"},"acf":[],"_links":{"self":[{"href":"https:\/\/mahmoud-first-project.cyberwrath.tech\/fr\/wp-json\/wp\/v2\/product\/2791","targetHints":{"allow":["GET"]}}],"collection":[{"href":"https:\/\/mahmoud-first-project.cyberwrath.tech\/fr\/wp-json\/wp\/v2\/product"}],"about":[{"href":"https:\/\/mahmoud-first-project.cyberwrath.tech\/fr\/wp-json\/wp\/v2\/types\/product"}],"replies":[{"embeddable":true,"href":"https:\/\/mahmoud-first-project.cyberwrath.tech\/fr\/wp-json\/wp\/v2\/comments?post=2791"}],"wp:featuredmedia":[{"embeddable":true,"href":"https:\/\/mahmoud-first-project.cyberwrath.tech\/fr\/wp-json\/wp\/v2\/media\/2797"}],"wp:attachment":[{"href":"https:\/\/mahmoud-first-project.cyberwrath.tech\/fr\/wp-json\/wp\/v2\/media?parent=2791"}],"wp:term":[{"taxonomy":"product_brand","embeddable":true,"href":"https:\/\/mahmoud-first-project.cyberwrath.tech\/fr\/wp-json\/wp\/v2\/product_brand?post=2791"},{"taxonomy":"product_cat","embeddable":true,"href":"https:\/\/mahmoud-first-project.cyberwrath.tech\/fr\/wp-json\/wp\/v2\/product_cat?post=2791"},{"taxonomy":"product_tag","embeddable":true,"href":"https:\/\/mahmoud-first-project.cyberwrath.tech\/fr\/wp-json\/wp\/v2\/product_tag?post=2791"}],"curies":[{"name":"wp","href":"https:\/\/api.w.org\/{rel}","templated":true}]}}