{"id":2806,"date":"2025-10-03T11:12:19","date_gmt":"2025-10-03T15:12:19","guid":{"rendered":"https:\/\/mahmoud-first-project.cyberwrath.tech\/product\/corde-pour-abris-a-vendre-abris-crystal\/"},"modified":"2025-10-03T11:37:30","modified_gmt":"2025-10-03T15:37:30","slug":"corde-pour-abris-a-vendre-abris-crystal","status":"publish","type":"product","link":"https:\/\/mahmoud-first-project.cyberwrath.tech\/fr\/product\/corde-pour-abris-a-vendre-abris-crystal\/","title":{"rendered":"Corde pour Abris | \u00c0 Vendre | Abris Crystal"},"content":{"rendered":"<p><b>LA CORDE UTILITAIRE ESSENTIELLE POUR CHAQUE ABRI<\/b><\/p>\n<p>Tous les propri\u00e9taires d&rsquo;abris pour voitures savent qu&rsquo;il est important d&rsquo;avoir une corde de bonne qualit\u00e9 \u00e0 port\u00e9e de main. Cette corde utilitaire durable et r\u00e9sistante aux intemp\u00e9ries est id\u00e9ale pour un grand nombre d&rsquo;applications. Utilisez-la pour remplacer des cordes anciennes ou cass\u00e9es sur les portes de votre abri, pour ajouter des points d&rsquo;attache suppl\u00e9mentaires afin de fixer votre b\u00e2che \u00e0 la structure en cas de vent, ou pour des t\u00e2ches g\u00e9n\u00e9rales de mise en paquet et de s\u00e9curisation.  <\/p>\n<p>Choisissez le format qui vous convient :<\/p>\n<ul>\n<li><b>Paquet :<\/b> Une quantit\u00e9 de corde pratique et pr\u00e9emball\u00e9e, parfaite pour les r\u00e9parations rapides, le remplacement de quelques attaches de porte ou la conservation dans votre bo\u00eete \u00e0 outils en cas d&rsquo;urgence.<\/li>\n<li><b>Rouleau (900 pieds) :<\/b> La meilleure valeur pour les entrepreneurs, les propri\u00e9taires de plusieurs abris ou pour tout projet personnalis\u00e9 de grande envergure. <span class=\"citation-63 citation-end-63\">Ce rouleau de 900 pieds par 3\/16 de pouce vous permet d&rsquo;avoir une grande quantit\u00e9 de corde de haute qualit\u00e9 \u00e0 port\u00e9e de main pour toutes les t\u00e2ches qui se pr\u00e9sentent \u00e0 vous<\/span>.<\/li>\n<\/ul>\n","protected":false},"excerpt":{"rendered":"<p>Corde utilitaire polyvalente de haute qualit\u00e9 pour l&rsquo;abri de votre voiture et les besoins g\u00e9n\u00e9raux de la maison. Disponible en paquet pr\u00e9d\u00e9coup\u00e9 pratique pour les petits travaux ou en grand rouleau de 900 pieds pour les professionnels et les projets personnalis\u00e9s. <\/p>\n<p>\u2705 <b>Deux formats :<\/b> Choisissez un petit paquet pour les r\u00e9parations ou un rouleau de 900 pieds pour le meilleur rapport qualit\u00e9-prix.<br \/>\n\u2705 <b>Polyvalent :<\/b> Id\u00e9al pour attacher les portes des abris, attacher les b\u00e2ches ou faire des paquets.<br \/>\n\u2705 <b>Durable et r\u00e9sistant aux intemp\u00e9ries :<\/b> Fabriqu\u00e9 pour r\u00e9sister aux conditions hivernales difficiles sans s&rsquo;effilocher ou se briser.<br \/>\n\u2705 <b style=\"color: inherit; font-family: inherit;\">Essentiel pour l&rsquo;entretien :<\/b><span style=\"color: inherit; font-family: inherit;\"> Un article indispensable dans la bo\u00eete \u00e0 outils de tout propri\u00e9taire de refuge.<\/span><\/p>\n","protected":false},"featured_media":2817,"comment_status":"open","ping_status":"closed","template":"","meta":{"_acf_changed":false},"product_brand":[],"product_cat":[480],"product_tag":[],"class_list":{"0":"post-2806","1":"product","2":"type-product","3":"status-publish","4":"has-post-thumbnail","6":"product_cat-ancrage-et-fixations","8":"first","9":"instock","10":"sale","11":"taxable","12":"shipping-taxable","13":"purchasable","14":"product-type-variable"},"acf":[],"_links":{"self":[{"href":"https:\/\/mahmoud-first-project.cyberwrath.tech\/fr\/wp-json\/wp\/v2\/product\/2806","targetHints":{"allow":["GET"]}}],"collection":[{"href":"https:\/\/mahmoud-first-project.cyberwrath.tech\/fr\/wp-json\/wp\/v2\/product"}],"about":[{"href":"https:\/\/mahmoud-first-project.cyberwrath.tech\/fr\/wp-json\/wp\/v2\/types\/product"}],"replies":[{"embeddable":true,"href":"https:\/\/mahmoud-first-project.cyberwrath.tech\/fr\/wp-json\/wp\/v2\/comments?post=2806"}],"wp:featuredmedia":[{"embeddable":true,"href":"https:\/\/mahmoud-first-project.cyberwrath.tech\/fr\/wp-json\/wp\/v2\/media\/2817"}],"wp:attachment":[{"href":"https:\/\/mahmoud-first-project.cyberwrath.tech\/fr\/wp-json\/wp\/v2\/media?parent=2806"}],"wp:term":[{"taxonomy":"product_brand","embeddable":true,"href":"https:\/\/mahmoud-first-project.cyberwrath.tech\/fr\/wp-json\/wp\/v2\/product_brand?post=2806"},{"taxonomy":"product_cat","embeddable":true,"href":"https:\/\/mahmoud-first-project.cyberwrath.tech\/fr\/wp-json\/wp\/v2\/product_cat?post=2806"},{"taxonomy":"product_tag","embeddable":true,"href":"https:\/\/mahmoud-first-project.cyberwrath.tech\/fr\/wp-json\/wp\/v2\/product_tag?post=2806"}],"curies":[{"name":"wp","href":"https:\/\/api.w.org\/{rel}","templated":true}]}}