{"id":2825,"date":"2025-10-03T12:14:10","date_gmt":"2025-10-03T16:14:10","guid":{"rendered":"https:\/\/mahmoud-first-project.cyberwrath.tech\/product\/1-%c2%be-inch-shelter-screws-20-pack-a-vendre-abris-crystal\/"},"modified":"2025-10-03T12:28:46","modified_gmt":"2025-10-03T16:28:46","slug":"1-%c2%be-inch-shelter-screws-20-pack-a-vendre-abris-crystal","status":"publish","type":"product","link":"https:\/\/mahmoud-first-project.cyberwrath.tech\/fr\/product\/1-%c2%be-inch-shelter-screws-20-pack-a-vendre-abris-crystal\/","title":{"rendered":"Vis et Papillons pour Abri (Paquet de 20) | \u00c0 Vendre | Abris Crystal"},"content":{"rendered":"<p><b>LA QUINCAILLERIE AD\u00c9QUATE POUR VOTRE ABRI<\/b><\/p>\n<p>L&rsquo;utilisation des bons \u00e9crous et boulons est essentielle pour l&rsquo;int\u00e9grit\u00e9 structurelle et la s\u00e9curit\u00e9 de votre abri de voiture. Il s&rsquo;agit de votre source centrale pour la quincaillerie d&rsquo;origine n\u00e9cessaire \u00e0 l&rsquo;assemblage et aux r\u00e9parations. Tous les articles sont vendus en sacs de 20.  <\/p>\n<p>Utilisez notre guide ci-dessous pour s\u00e9lectionner le mat\u00e9riel ad\u00e9quat pour votre mod\u00e8le d&rsquo;abri :<\/p>\n<ul>\n<li><b><br \/>\n  <span class=\"citation-106\">Vis de 1 \u00be\u00a0\u00bb :<\/span><br \/>\n<\/b><span class=\"citation-106 citation-end-106\"> Principalement utilis\u00e9es pour l&rsquo;assemblage de nos abris simples de 11 pieds et de nos mod\u00e8les \u00e0 pente unique de 11 et 12 pieds.<\/span><\/li>\n<li><b><br \/>\n  <span class=\"citation-105\">Vis de 2 \u00bd\u00a0\u00bb :<\/span><br \/>\n<\/b><span class=\"citation-105 citation-end-105\"> Une vis polyvalente utilis\u00e9e pour diverses connexions pour les abris simples de 11 pieds, simples de 12 pieds \/14 pieds XL et doubles de 16 pieds \/18 pieds \/20 pieds<\/span>.<\/li>\n<li><b><br \/>\n  <span class=\"citation-104\">Vis de 3&Prime; :<\/span><br \/>\n<\/b><span class=\"citation-104 citation-end-104\"> Utilis\u00e9es pour des connexions sp\u00e9cifiques sur les mod\u00e8les Single-Slope 11&rsquo;\/12&prime; et Simple 12&rsquo;\/14&prime; XL.<\/span><\/li>\n<li><b><br \/>\n  <span class=\"citation-103\">Vis de 4&Prime; :<\/span><br \/>\n<\/b><span class=\"citation-103 citation-end-103\"> Notre vis standard la plus longue, utilis\u00e9e pour les principaux points structurels des abris Simple 12&rsquo;\/14&prime; XL et de tous les abris Double.<\/span><\/li>\n<li><b>Ecrous papillon :<\/b> L&rsquo;\u00e9crou papillon standard est compatible avec toutes les tailles de vis list\u00e9es ici.<\/li>\n<\/ul>\n","protected":false},"excerpt":{"rendered":"<p>Le mat\u00e9riel essentiel pour assembler votre abri de voiture Abris Crystal. Choisissez parmi nos vis standard (1 \u00be\u00a0\u00bb, 2 \u00bd\u00a0\u00bb, 3&Prime;, 4&Prime;) ou un paquet d&rsquo;\u00e9crous papillon. Toutes ces pi\u00e8ces sont des pi\u00e8ces d&rsquo;\u00e9quipement d&rsquo;origine vendues en paquets de 20 pratiques pour garantir un ajustement parfait et une structure s\u00fbre.  <\/p>\n<p>\u2705 <b>One-Stop Shop :<\/b> Trouvez toutes les vis et tous les \u00e9crous de rechange standard dont vous avez besoin sur une seule page.<br \/>\n\u2705 <b>Mat\u00e9riel d&rsquo;origine :<\/b> La quincaillerie d&rsquo;origine exacte pour votre abri.<br \/>\n\u2705 <b>Tailles multiples :<\/b> S\u00e9lectionnez la longueur de vis pr\u00e9cise requise pour votre mod\u00e8le d&rsquo;abri sp\u00e9cifique.<br \/>\n\u2705 <b style=\"color: inherit; font-family: inherit;\">Paquets de 20 pratiques :<\/b><span style=\"color: inherit; font-family: inherit;\"> Quantit\u00e9 parfaite pour les r\u00e9parations ou \u00e0 conserver comme pi\u00e8ces de rechange essentielles.<\/span><\/p>\n","protected":false},"featured_media":2843,"comment_status":"open","ping_status":"closed","template":"","meta":{"_acf_changed":false},"product_brand":[],"product_cat":[525],"product_tag":[],"class_list":{"0":"post-2825","1":"product","2":"type-product","3":"status-publish","4":"has-post-thumbnail","6":"product_cat-vis-quincaillerie","8":"first","9":"instock","10":"taxable","11":"shipping-taxable","12":"purchasable","13":"product-type-variable"},"acf":[],"_links":{"self":[{"href":"https:\/\/mahmoud-first-project.cyberwrath.tech\/fr\/wp-json\/wp\/v2\/product\/2825","targetHints":{"allow":["GET"]}}],"collection":[{"href":"https:\/\/mahmoud-first-project.cyberwrath.tech\/fr\/wp-json\/wp\/v2\/product"}],"about":[{"href":"https:\/\/mahmoud-first-project.cyberwrath.tech\/fr\/wp-json\/wp\/v2\/types\/product"}],"replies":[{"embeddable":true,"href":"https:\/\/mahmoud-first-project.cyberwrath.tech\/fr\/wp-json\/wp\/v2\/comments?post=2825"}],"wp:featuredmedia":[{"embeddable":true,"href":"https:\/\/mahmoud-first-project.cyberwrath.tech\/fr\/wp-json\/wp\/v2\/media\/2843"}],"wp:attachment":[{"href":"https:\/\/mahmoud-first-project.cyberwrath.tech\/fr\/wp-json\/wp\/v2\/media?parent=2825"}],"wp:term":[{"taxonomy":"product_brand","embeddable":true,"href":"https:\/\/mahmoud-first-project.cyberwrath.tech\/fr\/wp-json\/wp\/v2\/product_brand?post=2825"},{"taxonomy":"product_cat","embeddable":true,"href":"https:\/\/mahmoud-first-project.cyberwrath.tech\/fr\/wp-json\/wp\/v2\/product_cat?post=2825"},{"taxonomy":"product_tag","embeddable":true,"href":"https:\/\/mahmoud-first-project.cyberwrath.tech\/fr\/wp-json\/wp\/v2\/product_tag?post=2825"}],"curies":[{"name":"wp","href":"https:\/\/api.w.org\/{rel}","templated":true}]}}