{"id":2845,"date":"2025-10-03T12:48:37","date_gmt":"2025-10-03T16:48:37","guid":{"rendered":"https:\/\/mahmoud-first-project.cyberwrath.tech\/product\/vis-dete-pour-ancrage-permanent-a-vendre-abris-crystal\/"},"modified":"2025-10-03T12:49:12","modified_gmt":"2025-10-03T16:49:12","slug":"vis-dete-pour-ancrage-permanent-a-vendre-abris-crystal","status":"publish","type":"product","link":"https:\/\/mahmoud-first-project.cyberwrath.tech\/fr\/product\/vis-dete-pour-ancrage-permanent-a-vendre-abris-crystal\/","title":{"rendered":"Vis d&rsquo;\u00c9t\u00e9 pour Ancrage Permanent | \u00c0 Vendre | Abris Crystal"},"content":{"rendered":"<p>Prot\u00e9gez l&rsquo;int\u00e9grit\u00e9 de votre syst\u00e8me d&rsquo;ancrage permanent avec la vis d&rsquo;\u00e9t\u00e9. Apr\u00e8s avoir retir\u00e9 votre abri et les boulons \u00e0 \u0153il \u00e0 la fin de la saison, il suffit de visser ce bouchon \u00e0 t\u00eate plate dans le bo\u00eetier de l&rsquo;ancrage. Il affleure la surface de votre all\u00e9e et emp\u00eache les filets internes sensibles d&rsquo;\u00eatre obstru\u00e9s par la salet\u00e9, l&rsquo;eau ou la glace pendant l&rsquo;intersaison. Cette simple \u00e9tape permet de r\u00e9installer vos boulons \u00e0 \u0153il sans effort, ann\u00e9e apr\u00e8s ann\u00e9e.   <\/p>\n","protected":false},"excerpt":{"rendered":"<p>Le bouchon essentiel hors saison pour vos ancres permanentes. Cette vis \u00e0 t\u00eate plate prot\u00e8ge le filetage interne de vos ancres de la salet\u00e9, de l&rsquo;eau et des d\u00e9bris pendant l&rsquo;\u00e9t\u00e9, afin qu&rsquo;elles soient pr\u00eates \u00e0 l&#8217;emploi l&rsquo;hiver prochain. Vendu \u00e0 l&rsquo;unit\u00e9.  <\/p>\n","protected":false},"featured_media":0,"comment_status":"open","ping_status":"closed","template":"","meta":{"_acf_changed":false},"product_brand":[],"product_cat":[525],"product_tag":[],"class_list":{"0":"post-2845","1":"product","2":"type-product","3":"status-publish","5":"product_cat-vis-quincaillerie","7":"first","8":"instock","9":"taxable","10":"shipping-taxable","11":"purchasable","12":"product-type-simple"},"acf":[],"_links":{"self":[{"href":"https:\/\/mahmoud-first-project.cyberwrath.tech\/fr\/wp-json\/wp\/v2\/product\/2845","targetHints":{"allow":["GET"]}}],"collection":[{"href":"https:\/\/mahmoud-first-project.cyberwrath.tech\/fr\/wp-json\/wp\/v2\/product"}],"about":[{"href":"https:\/\/mahmoud-first-project.cyberwrath.tech\/fr\/wp-json\/wp\/v2\/types\/product"}],"replies":[{"embeddable":true,"href":"https:\/\/mahmoud-first-project.cyberwrath.tech\/fr\/wp-json\/wp\/v2\/comments?post=2845"}],"wp:attachment":[{"href":"https:\/\/mahmoud-first-project.cyberwrath.tech\/fr\/wp-json\/wp\/v2\/media?parent=2845"}],"wp:term":[{"taxonomy":"product_brand","embeddable":true,"href":"https:\/\/mahmoud-first-project.cyberwrath.tech\/fr\/wp-json\/wp\/v2\/product_brand?post=2845"},{"taxonomy":"product_cat","embeddable":true,"href":"https:\/\/mahmoud-first-project.cyberwrath.tech\/fr\/wp-json\/wp\/v2\/product_cat?post=2845"},{"taxonomy":"product_tag","embeddable":true,"href":"https:\/\/mahmoud-first-project.cyberwrath.tech\/fr\/wp-json\/wp\/v2\/product_tag?post=2845"}],"curies":[{"name":"wp","href":"https:\/\/api.w.org\/{rel}","templated":true}]}}