{"id":2851,"date":"2025-10-03T13:34:04","date_gmt":"2025-10-03T17:34:04","guid":{"rendered":"https:\/\/mahmoud-first-project.cyberwrath.tech\/product\/quincaillerie-dabri-en-vrac-boites-de-200-a-vendre-abris-crystal\/"},"modified":"2025-10-03T13:42:55","modified_gmt":"2025-10-03T17:42:55","slug":"quincaillerie-dabri-en-vrac-boites-de-200-a-vendre-abris-crystal","status":"publish","type":"product","link":"https:\/\/mahmoud-first-project.cyberwrath.tech\/fr\/product\/quincaillerie-dabri-en-vrac-boites-de-200-a-vendre-abris-crystal\/","title":{"rendered":"Quincaillerie d&rsquo;Abri en Vrac (Bo\u00eetes de 200) | \u00c0 Vendre | Abris Crystal"},"content":{"rendered":"<p><b>FAITES DES R\u00c9SERVES ET \u00c9CONOMISEZ SUR LE MAT\u00c9RIEL ESSENTIEL<\/b><\/p>\n<p>Assurez-vous d&rsquo;\u00eatre toujours pr\u00eat pour tout travail d&rsquo;assemblage ou de r\u00e9paration avec nos bo\u00eetes en vrac de quincaillerie pour abris. Il s&rsquo;agit de la m\u00eame quincaillerie d&rsquo;origine de haute qualit\u00e9 que celle fournie avec nos nouveaux kits d&rsquo;abris, d\u00e9sormais disponible en grandes quantit\u00e9s de 200 pi\u00e8ces pour une utilisation professionnelle et le meilleur rapport qualit\u00e9-prix possible. <\/p>\n<p>Choisissez le mat\u00e9riel en vrac dont vous avez besoin pour vos projets :<\/p>\n<ul>\n<li><b>Bo\u00eete de vis de 2 \u00bd\u00a0\u00bb :<\/b> Une vis polyvalente utilis\u00e9e pour divers raccordements sur nos mod\u00e8les d&rsquo;abris simples et doubles.<\/li>\n<li><b>Bo\u00eete de vis de 4&Prime; :<\/b> Notre vis standard la plus longue, n\u00e9cessaire pour les principaux points structurels de tous nos mod\u00e8les d&rsquo;abris doubles.<\/li>\n<li><b>Bo\u00eete d&rsquo;\u00e9crous papillon :<\/b> L&rsquo;\u00e9crou papillon standard est compatible avec toutes nos tailles de vis standard.<\/li>\n<\/ul>\n<p>L&rsquo;achat en gros est un choix judicieux pour tous ceux qui assemblent plusieurs abris par saison ou qui souhaitent disposer d&rsquo;un approvisionnement \u00e0 long terme en pi\u00e8ces d\u00e9tach\u00e9es essentielles.<\/p>\n","protected":false},"excerpt":{"rendered":"<p>Pour les entrepreneurs, les installateurs professionnels ou les propri\u00e9taires de plusieurs abris, l&rsquo;achat en vrac de votre mat\u00e9riel essentiel est le choix le plus \u00e9conomique. Faites des r\u00e9serves et \u00e9conomisez avec nos bo\u00eetes de 200 pi\u00e8ces de vis et d&rsquo;\u00e9crous papillon d&rsquo;origine. <\/p>\n<p>\u2705 <b>Meilleur rapport qualit\u00e9-prix :<\/b> La fa\u00e7on la plus rentable d&rsquo;acheter du mat\u00e9riel pour les installations d&rsquo;abris multiples ou de grande taille.<br \/>\n\u2705 <b style=\"color: inherit; font-family: inherit;\">Quantit\u00e9s professionnelles :<\/b><span style=\"color: inherit; font-family: inherit;\"> Choisissez parmi les bo\u00eetes de 200 unit\u00e9s de nos vis les plus courantes (2 \u00bd\u00a0\u00bb et 4&Prime;) ou de nos \u00e9crous papillon standard.<\/span><\/p>\n","protected":false},"featured_media":2843,"comment_status":"open","ping_status":"closed","template":"","meta":{"_acf_changed":false},"product_brand":[],"product_cat":[525],"product_tag":[],"class_list":{"0":"post-2851","1":"product","2":"type-product","3":"status-publish","4":"has-post-thumbnail","6":"product_cat-vis-quincaillerie","8":"first","9":"instock","10":"taxable","11":"shipping-taxable","12":"purchasable","13":"product-type-variable"},"acf":[],"_links":{"self":[{"href":"https:\/\/mahmoud-first-project.cyberwrath.tech\/fr\/wp-json\/wp\/v2\/product\/2851","targetHints":{"allow":["GET"]}}],"collection":[{"href":"https:\/\/mahmoud-first-project.cyberwrath.tech\/fr\/wp-json\/wp\/v2\/product"}],"about":[{"href":"https:\/\/mahmoud-first-project.cyberwrath.tech\/fr\/wp-json\/wp\/v2\/types\/product"}],"replies":[{"embeddable":true,"href":"https:\/\/mahmoud-first-project.cyberwrath.tech\/fr\/wp-json\/wp\/v2\/comments?post=2851"}],"wp:featuredmedia":[{"embeddable":true,"href":"https:\/\/mahmoud-first-project.cyberwrath.tech\/fr\/wp-json\/wp\/v2\/media\/2843"}],"wp:attachment":[{"href":"https:\/\/mahmoud-first-project.cyberwrath.tech\/fr\/wp-json\/wp\/v2\/media?parent=2851"}],"wp:term":[{"taxonomy":"product_brand","embeddable":true,"href":"https:\/\/mahmoud-first-project.cyberwrath.tech\/fr\/wp-json\/wp\/v2\/product_brand?post=2851"},{"taxonomy":"product_cat","embeddable":true,"href":"https:\/\/mahmoud-first-project.cyberwrath.tech\/fr\/wp-json\/wp\/v2\/product_cat?post=2851"},{"taxonomy":"product_tag","embeddable":true,"href":"https:\/\/mahmoud-first-project.cyberwrath.tech\/fr\/wp-json\/wp\/v2\/product_tag?post=2851"}],"curies":[{"name":"wp","href":"https:\/\/api.w.org\/{rel}","templated":true}]}}