{"id":2870,"date":"2025-10-03T14:23:21","date_gmt":"2025-10-03T18:23:21","guid":{"rendered":"https:\/\/mahmoud-first-project.cyberwrath.tech\/product\/2-%c2%bc-inch-heavy-duty-screw-wing-nut-kit-20-pack-a-vendre-abris-crystal\/"},"modified":"2025-10-03T14:24:51","modified_gmt":"2025-10-03T18:24:51","slug":"2-%c2%bc-inch-heavy-duty-screw-wing-nut-kit-20-pack-a-vendre-abris-crystal","status":"publish","type":"product","link":"https:\/\/mahmoud-first-project.cyberwrath.tech\/fr\/product\/2-%c2%bc-inch-heavy-duty-screw-wing-nut-kit-20-pack-a-vendre-abris-crystal\/","title":{"rendered":"Ensemble Gros Vis et Papillons 2 \u00bc po (Paquet de 20) | \u00c0 Vendre | Abris Crystal"},"content":{"rendered":"<p><b>MAT\u00c9RIEL ROBUSTE POUR LES CONNEXIONS CRITIQUES<\/b><\/p>\n<p>Il ne s&rsquo;agit pas d&rsquo;un jeu de vis standard. Le kit de vis et d&rsquo;\u00e9crous \u00e0 ailettes de 2 \u00bc pouces est une quincaillerie sp\u00e9cialis\u00e9e con\u00e7ue pour les points les plus sollicit\u00e9s de nos grands cadres d&rsquo;abris. Ce kit contient \u00e0 la fois des vis surdimensionn\u00e9es et leurs \u00e9crous \u00e0 oreilles correspondants de grand format (\u00ab\u00a0gros papillons\u00a0\u00bb) pour une force de serrage maximale.  <\/p>\n<p>Cette quincaillerie est sp\u00e9cifiquement requise pour les joints structurels cl\u00e9s lors de l&rsquo;assemblage de nos <b>abris doubles<\/b> populaires <b>(mod\u00e8les de 16 pieds, 18 pieds et 20 pieds de large)<\/b>. L&rsquo;utilisation de cette quincaillerie d&rsquo;origine est essentielle pour assurer la s\u00e9curit\u00e9, la stabilit\u00e9 et la long\u00e9vit\u00e9 de votre abri double. <\/p>\n","protected":false},"excerpt":{"rendered":"<p>Un ensemble de 20 pi\u00e8ces de quincaillerie contenant des vis robustes de 2 \u00bc pouces et leurs gros \u00e9crous \u00e0 ailettes assortis (\u00ab\u00a0gros papillons\u00a0\u00bb). Cette quincaillerie sp\u00e9cialis\u00e9e et tr\u00e8s r\u00e9sistante est utilis\u00e9e pour les connexions structurelles critiques de nos abris pour voitures doubles. <\/p>\n<p>\u2705 <b>Kit complet :<\/b> Comprend 20 vis robustes et 20 \u00e9crous \u00e0 oreilles robustes assortis.<br \/>\n\u2705 <b style=\"color: inherit; font-family: inherit;\">Application robuste :<\/b><span style=\"color: inherit; font-family: inherit;\"> Con\u00e7u pour les joints soumis \u00e0 de fortes contraintes sur nos abris doubles de 16&prime;, 18&prime; et 20&prime; de large qui n\u00e9cessitent une r\u00e9sistance sup\u00e9rieure.<\/span><\/p>\n","protected":false},"featured_media":2869,"comment_status":"open","ping_status":"closed","template":"","meta":{"_acf_changed":false},"product_brand":[],"product_cat":[525],"product_tag":[],"class_list":{"0":"post-2870","1":"product","2":"type-product","3":"status-publish","4":"has-post-thumbnail","6":"product_cat-vis-quincaillerie","8":"first","9":"instock","10":"taxable","11":"shipping-taxable","12":"purchasable","13":"product-type-simple"},"acf":[],"_links":{"self":[{"href":"https:\/\/mahmoud-first-project.cyberwrath.tech\/fr\/wp-json\/wp\/v2\/product\/2870","targetHints":{"allow":["GET"]}}],"collection":[{"href":"https:\/\/mahmoud-first-project.cyberwrath.tech\/fr\/wp-json\/wp\/v2\/product"}],"about":[{"href":"https:\/\/mahmoud-first-project.cyberwrath.tech\/fr\/wp-json\/wp\/v2\/types\/product"}],"replies":[{"embeddable":true,"href":"https:\/\/mahmoud-first-project.cyberwrath.tech\/fr\/wp-json\/wp\/v2\/comments?post=2870"}],"wp:featuredmedia":[{"embeddable":true,"href":"https:\/\/mahmoud-first-project.cyberwrath.tech\/fr\/wp-json\/wp\/v2\/media\/2869"}],"wp:attachment":[{"href":"https:\/\/mahmoud-first-project.cyberwrath.tech\/fr\/wp-json\/wp\/v2\/media?parent=2870"}],"wp:term":[{"taxonomy":"product_brand","embeddable":true,"href":"https:\/\/mahmoud-first-project.cyberwrath.tech\/fr\/wp-json\/wp\/v2\/product_brand?post=2870"},{"taxonomy":"product_cat","embeddable":true,"href":"https:\/\/mahmoud-first-project.cyberwrath.tech\/fr\/wp-json\/wp\/v2\/product_cat?post=2870"},{"taxonomy":"product_tag","embeddable":true,"href":"https:\/\/mahmoud-first-project.cyberwrath.tech\/fr\/wp-json\/wp\/v2\/product_tag?post=2870"}],"curies":[{"name":"wp","href":"https:\/\/api.w.org\/{rel}","templated":true}]}}