{"id":2878,"date":"2025-10-03T14:43:26","date_gmt":"2025-10-03T18:43:26","guid":{"rendered":"https:\/\/mahmoud-first-project.cyberwrath.tech\/product\/porte-de-cote-a-clip-pour-abris-dauto-a-vendre-abris-crystal\/"},"modified":"2025-10-03T14:43:26","modified_gmt":"2025-10-03T18:43:26","slug":"porte-de-cote-a-clip-pour-abris-dauto-a-vendre-abris-crystal","status":"publish","type":"product","link":"https:\/\/mahmoud-first-project.cyberwrath.tech\/fr\/product\/porte-de-cote-a-clip-pour-abris-dauto-a-vendre-abris-crystal\/","title":{"rendered":"Porte de C\u00f4t\u00e9 \u00e0 Clip pour Abris d&rsquo;Auto | \u00c0 Vendre | Abris Crystal"},"content":{"rendered":"<p><b>AJOUTER UNE ENTR\u00c9E PRATIQUE \u00c0 VOTRE ABRI<\/b><\/p>\n<p>La porte lat\u00e9rale \u00e0 clipser est l&rsquo;un de nos accessoires les plus populaires, et ce pour une bonne raison. Elle ajoute un nouveau niveau de commodit\u00e9 \u00e0 votre abri de voiture, vous permettant d&rsquo;entrer et de sortir sans avoir \u00e0 d\u00e9zipper et \u00e0 enrouler la grande porte principale du v\u00e9hicule. Elle est parfaite pour attraper rapidement quelque chose dans votre voiture, acc\u00e9der \u00e0 votre propri\u00e9t\u00e9 ou simplement entrer et sortir sans laisser entrer la neige et le vent.  <\/p>\n<p>La porte s&rsquo;installe facilement gr\u00e2ce \u00e0 un syst\u00e8me de \u00ab\u00a0clips\u00a0\u00bb simple et robuste qui se fixe directement sur les poteaux verticaux de votre abri. Choisissez le mod\u00e8le appropri\u00e9 parmi les options pour garantir une adaptation parfaite \u00e0 votre abri Abris Crystal. <\/p>\n<ul>\n<li><b>Porte d&rsquo;abri simple :<\/b> Pour nos abris \u00e0 voiture unique de 11 pieds de large avec des tubes ronds.<\/li>\n<li><b>Porte d&rsquo;abri mini-ovale :<\/b> Pour nos abris de 12 pieds, 14 pieds et \u00e0 pente unique (monopente) qui utilisent des tubes mini-ovales.<\/li>\n<li><b>Porte de l&rsquo;abri double (hauteur de 6&rsquo;6&Prime;) :<\/b> Pour nos abris doubles standard (16&prime;, 18&prime;, 20&prime; de large) avec une hauteur libre de 6&rsquo;6&Prime;.<\/li>\n<li><b>Porte de l&rsquo;abri double (hauteur de 8 pieds) :<\/b> La porte la plus haute, sp\u00e9cifiquement pour nos abris doubles qui ont une hauteur libre de 8 pieds.<\/li>\n<\/ul>\n","protected":false},"excerpt":{"rendered":"<p>Ajoutez un acc\u00e8s pratique \u00e0 votre abri de voiture gr\u00e2ce \u00e0 notre porte lat\u00e9rale facile \u00e0 installer. N&rsquo;ouvrez plus la grande porte du garage pour entrer et sortir. Disponible en quatre mod\u00e8les pour s&rsquo;adapter parfaitement \u00e0 votre type d&rsquo;abri.  <\/p>\n<p>\u2705 <b>Acc\u00e8s lat\u00e9ral pratique :<\/b> Ajoute une porte d&rsquo;entr\u00e9e\/sortie pratique sur le c\u00f4t\u00e9 de votre abri de voiture.<br \/>\n\u2705 <b style=\"color: inherit; font-family: inherit;\">Syst\u00e8me \u00ab\u00a0Clip-on\u00a0\u00bb facile :<\/b><span style=\"color: inherit; font-family: inherit;\"> S&rsquo;installe rapidement et facilement sur les poteaux existants de votre abri, sans quincaillerie complexe.<\/span><\/p>\n","protected":false},"featured_media":2877,"comment_status":"open","ping_status":"closed","template":"","meta":{"_acf_changed":false},"product_brand":[],"product_cat":[524],"product_tag":[],"class_list":{"0":"post-2878","1":"product","2":"type-product","3":"status-publish","4":"has-post-thumbnail","6":"product_cat-portes-composantes","8":"first","9":"instock","10":"taxable","11":"shipping-taxable","12":"purchasable","13":"product-type-variable"},"acf":[],"_links":{"self":[{"href":"https:\/\/mahmoud-first-project.cyberwrath.tech\/fr\/wp-json\/wp\/v2\/product\/2878","targetHints":{"allow":["GET"]}}],"collection":[{"href":"https:\/\/mahmoud-first-project.cyberwrath.tech\/fr\/wp-json\/wp\/v2\/product"}],"about":[{"href":"https:\/\/mahmoud-first-project.cyberwrath.tech\/fr\/wp-json\/wp\/v2\/types\/product"}],"replies":[{"embeddable":true,"href":"https:\/\/mahmoud-first-project.cyberwrath.tech\/fr\/wp-json\/wp\/v2\/comments?post=2878"}],"wp:featuredmedia":[{"embeddable":true,"href":"https:\/\/mahmoud-first-project.cyberwrath.tech\/fr\/wp-json\/wp\/v2\/media\/2877"}],"wp:attachment":[{"href":"https:\/\/mahmoud-first-project.cyberwrath.tech\/fr\/wp-json\/wp\/v2\/media?parent=2878"}],"wp:term":[{"taxonomy":"product_brand","embeddable":true,"href":"https:\/\/mahmoud-first-project.cyberwrath.tech\/fr\/wp-json\/wp\/v2\/product_brand?post=2878"},{"taxonomy":"product_cat","embeddable":true,"href":"https:\/\/mahmoud-first-project.cyberwrath.tech\/fr\/wp-json\/wp\/v2\/product_cat?post=2878"},{"taxonomy":"product_tag","embeddable":true,"href":"https:\/\/mahmoud-first-project.cyberwrath.tech\/fr\/wp-json\/wp\/v2\/product_tag?post=2878"}],"curies":[{"name":"wp","href":"https:\/\/api.w.org\/{rel}","templated":true}]}}